{"id":514,"date":"2023-07-07T08:11:04","date_gmt":"2023-07-07T08:11:04","guid":{"rendered":"https:\/\/rsb.hr\/nova\/?post_type=product&#038;p=514"},"modified":"2023-07-07T08:51:20","modified_gmt":"2023-07-07T08:51:20","slug":"xerox-versant-280-press","status":"publish","type":"product","link":"https:\/\/rsb.hr\/nova\/proizvod\/xerox-versant-280-press\/","title":{"rendered":"Xerox\u00ae Versant\u00ae 280 Press"},"content":{"rendered":"<p>Tehnologija kolor laser print CMYK plus \u00a0dodatne Bijela, Zlatna, Srebrna, Clear I paleta fluorescentnih boja, fluorescenta cyan, fluorescentna magenta i fluorescenta yellow.<\/p>\n<p>Brzina ispisa kolor 80 str\/min 52\u2013400 gsm sa dodatnim ASRS &amp; Performance Package-om*<\/p>\n<p>80 str\/min (8.5 x 11&#8243;\/A4), 52\u2013220 gsm<\/p>\n<p>60 str\/min (8.5 x 11&#8243;\/A4), 221\u2013400 gsm<\/p>\n<p>Rezolucija Ultra HD rezolucija printanja 2400&#215;2400 dpi<\/p>\n<p>Vrste rastera\u2013 150, 175, 200, 300, 600 Clustered Dot \u2013 150, 200 Rotated Line Screen \u2013 FM Stochastic Screen<\/p>\n<p>Vrste materijala- Premazni, nepremazni, kuverte, polyester naljepnice, sinteti\u010dki materijali, benneri\u2026..<\/p>\n<p>Printer Server- Xerox\u00ae EX 280 Print Server Powered by Fiery\u00ae<\/p>\n<p>Xerox\u00ae EX-i 280 Print Server Powered by Fiery\u00ae<\/p>\n<p>Rezolucija ripanja 1200x1200x10 bita (jedinstveno na tr\u017ei\u0161tu)<br \/>\nMax. dimenzija papir 330&#215;1200 mm<br \/>\nMin. dimenzija papira 98&#215;146 mm<br \/>\nTe\u017eina papira od 52 do 400 gsm<br \/>\nAuto Duplex Standardno iz ladice do 350 gsm<\/p>\n<p>Ostalo<\/p>\n<p>Opcijska \u00a0Dual High Capacity XLS Vakumska ladica, 6300 listova \u00a0(330 x 488 mm); 700 listova (330 mm x 864 mm); 100 listova (330 mm x 1.2 m)<\/p>\n<p>(SIQA)\u201d Simplified Image Quality Adjustment\u201d za automatizirano \u201cImage-to-Media\u201d poravnanje, kontrolu nanosa I kontrolu preijenosa slike<br \/>\nNova belt fuser jedinica s tri grija\u010da-Belt fuser technology<br \/>\nPobolj\u0161ana registracija uz \u201cIRA\u201d Integrated Registration Alignment senzore za precizan I automatiziran transport papira.<\/p>\n<p>(ASRS) All Stocks Rated Speed opcija uklju\u010duje Xerox\u00ae Interface Decurler Module (IDM\/ASRS), koji omogu\u010duje pove\u0107anje brzine ispisa za 25% na te\u017eim materijalima\u2014nude\u0107i punu brzinu ispisa od 80 str\/min na svim materijalima do\u00a0 400 gsm**<\/p>\n<p>Performance Package opcija uklju\u010duje Xerox\u00ae Interface Decurler Module (IDM\/ILS), uz (ASRS) opciju sa with X-Rite\u00ae Inline Spectrophotometrom \u00a0Automated Color Quality<\/p>\n<p>Ugra\u0111eni modul za hla\u0111enje papira-Inline paper cooling module<br \/>\nProsje\u010dni mjese\u010dni<br \/>\nvolumen\/maksimalni<br \/>\n80.000 \/750.000<\/p>\n<p>&nbsp;<\/p>\n<p><iframe loading=\"lazy\" title=\"The Power of Fluorescent\" width=\"640\" height=\"360\" src=\"https:\/\/www.youtube.com\/embed\/Hv7Dk3AHggo?start=29&#038;feature=oembed\" frameborder=\"0\" allow=\"accelerometer; autoplay; clipboard-write; encrypted-media; gyroscope; picture-in-picture; web-share\" allowfullscreen><\/iframe><\/p>\n","protected":false},"excerpt":{"rendered":"[embed]https:\/\/www.youtube.com\/watch?v=jGjuO_rL4P4[\/embed]\n","protected":false},"featured_media":515,"template":"","meta":[],"product_cat":[53],"product_tag":[],"_links":{"self":[{"href":"https:\/\/rsb.hr\/nova\/wp-json\/wp\/v2\/product\/514"}],"collection":[{"href":"https:\/\/rsb.hr\/nova\/wp-json\/wp\/v2\/product"}],"about":[{"href":"https:\/\/rsb.hr\/nova\/wp-json\/wp\/v2\/types\/product"}],"wp:featuredmedia":[{"embeddable":true,"href":"https:\/\/rsb.hr\/nova\/wp-json\/wp\/v2\/media\/515"}],"wp:attachment":[{"href":"https:\/\/rsb.hr\/nova\/wp-json\/wp\/v2\/media?parent=514"}],"wp:term":[{"taxonomy":"product_cat","embeddable":true,"href":"https:\/\/rsb.hr\/nova\/wp-json\/wp\/v2\/product_cat?post=514"},{"taxonomy":"product_tag","embeddable":true,"href":"https:\/\/rsb.hr\/nova\/wp-json\/wp\/v2\/product_tag?post=514"}],"curies":[{"name":"wp","href":"https:\/\/api.w.org\/{rel}","templated":true}]}}