{"id":454,"date":"2023-06-15T09:08:16","date_gmt":"2023-06-15T09:08:16","guid":{"rendered":"https:\/\/rsb.hr\/nova\/?post_type=product&#038;p=454"},"modified":"2024-05-17T08:50:00","modified_gmt":"2024-05-17T08:50:00","slug":"rabljeni-xerox-color-550-560-uredaji-razna-dodatna-oprema-ravnalice-finisheri-fiery-controlleri-vise-uredaja-na-lageru","status":"publish","type":"product","link":"https:\/\/rsb.hr\/nova\/proizvod\/rabljeni-xerox-color-550-560-uredaji-razna-dodatna-oprema-ravnalice-finisheri-fiery-controlleri-vise-uredaja-na-lageru\/","title":{"rendered":"Rabljeni Xerox color 550\/560 ure\u0111aji + razna dodatna oprema, ravnalice, finisheri+ Fiery controlleri, vi\u0161e ure\u0111aja na lageru!!!"},"content":{"rendered":"<table style=\"undefined;width: 100%;\">\n<colgroup>\n<col style=\"width: 30%;\" \/>\n<col style=\"width: 100%;\" \/> <\/colgroup>\n<tbody>\n<tr>\n<th>Tehnologija ispisa:<\/th>\n<td>color laser<\/td>\n<\/tr>\n<tr>\n<th>Funkcija:<\/th>\n<td>copy\/email\/print\/scan<\/td>\n<\/tr>\n<tr>\n<th>Format ispisa:<\/th>\n<td><span style=\"color: #171717;\">do\u00a0<\/span> 330 x 488 mm<\/td>\n<\/tr>\n<tr>\n<th>Razlu\u010divost ispisa:<\/th>\n<td>do 2400 x 2400 dpi<\/td>\n<\/tr>\n<tr>\n<th>Brzina ispisa c\/b A4:<\/th>\n<td><span style=\"color: #171717;\">60<\/span><\/td>\n<\/tr>\n<tr>\n<th>Brzina ispisa u boji A4:<\/th>\n<td><span style=\"color: #171717;\">50<\/span><\/td>\n<\/tr>\n<tr>\n<th>Te\u017eina papira<\/th>\n<td><span style=\"color: #171717;\">do 300 gsm<br \/>\n<\/span><\/td>\n<\/tr>\n<tr>\n<th><\/th>\n<td><\/td>\n<\/tr>\n<tr>\n<th>Obostrani ispis:<\/th>\n<td>standardan<\/td>\n<\/tr>\n<tr>\n<th>Ulaz papira:<\/th>\n<td><span style=\"color: #171717;\">3.260 listova<br \/>\n<\/span><\/td>\n<\/tr>\n<tr>\n<th><\/th>\n<td><\/td>\n<\/tr>\n<tr>\n<th><\/th>\n<td><\/td>\n<\/tr>\n<tr>\n<th>Hard disk:<\/th>\n<td>80 GB Hard Disk Drive, 2 GB RAM<\/td>\n<\/tr>\n<tr>\n<th>Memorija:<\/th>\n<td>\u00a02 GB system plus 1 GB page memory<\/td>\n<\/tr>\n<tr>\n<th>Kapacitet ispisa<\/th>\n<td>do 300000 otisaka\/mjese\u010dno<\/td>\n<\/tr>\n<tr>\n<th>Dimenzija osnovne jedinice:<\/th>\n<td>2800mm x803mm x1391mm<\/td>\n<\/tr>\n<tr>\n<th>Te\u017eina osnovne jedinice:<\/th>\n<td>cca 480 kg<\/td>\n<\/tr>\n<tr>\n<th>Dodatna oprema<\/th>\n<td>\u00a0ravnalica papira, booklet finisherom+ Fiery controller !<\/td>\n<\/tr>\n<\/tbody>\n<\/table>\n","protected":false},"excerpt":{"rendered":"<p><a href=\"https:\/\/rsb.hr\/nova\/wp-content\/uploads\/2023\/06\/Brosura-uredaja.pdf\">Bro\u0161ura ure\u0111aja<\/a><\/p>\n","protected":false},"featured_media":455,"template":"","meta":[],"product_cat":[53,54],"product_tag":[],"_links":{"self":[{"href":"https:\/\/rsb.hr\/nova\/wp-json\/wp\/v2\/product\/454"}],"collection":[{"href":"https:\/\/rsb.hr\/nova\/wp-json\/wp\/v2\/product"}],"about":[{"href":"https:\/\/rsb.hr\/nova\/wp-json\/wp\/v2\/types\/product"}],"wp:featuredmedia":[{"embeddable":true,"href":"https:\/\/rsb.hr\/nova\/wp-json\/wp\/v2\/media\/455"}],"wp:attachment":[{"href":"https:\/\/rsb.hr\/nova\/wp-json\/wp\/v2\/media?parent=454"}],"wp:term":[{"taxonomy":"product_cat","embeddable":true,"href":"https:\/\/rsb.hr\/nova\/wp-json\/wp\/v2\/product_cat?post=454"},{"taxonomy":"product_tag","embeddable":true,"href":"https:\/\/rsb.hr\/nova\/wp-json\/wp\/v2\/product_tag?post=454"}],"curies":[{"name":"wp","href":"https:\/\/api.w.org\/{rel}","templated":true}]}}