{"id":421,"date":"2023-06-14T13:31:57","date_gmt":"2023-06-14T13:31:57","guid":{"rendered":"https:\/\/rsb.hr\/nova\/?post_type=product&#038;p=421"},"modified":"2023-06-15T13:17:59","modified_gmt":"2023-06-15T13:17:59","slug":"iridesse-production-press","status":"publish","type":"product","link":"https:\/\/rsb.hr\/nova\/proizvod\/iridesse-production-press\/","title":{"rendered":"Iridesse Production Press"},"content":{"rendered":"<p><iframe loading=\"lazy\" title=\"The Xerox Iridesse Press Unleashes Instant Print&#039;s Business Potential\" width=\"640\" height=\"360\" src=\"https:\/\/www.youtube.com\/embed\/EsgLPfbRgHk?feature=oembed\" frameborder=\"0\" allow=\"accelerometer; autoplay; clipboard-write; encrypted-media; gyroscope; picture-in-picture; web-share\" allowfullscreen><\/iframe><\/p>\n<p style=\"text-align: left\">Tehnologija kolor laser print CMYK plus dvije specijalne boje u jednom prolazu<br \/>\nmetalik srebrna, metalik zlatna, bijela i prozirni lak<br \/>\nBrzina ispisa kolor 120 str\/min-7.200 na sat<br \/>\nRezolucija Ultra HD rezolucija printanja 2400&#215;2400 dpi<br \/>\nVrste rastera 150, 175, 200, 300, 600 clustered dot, 150, 200 rotated line,<br \/>\nFM-Stohastic raster<br \/>\nPrinter Server Xerox\u00ae EX-P 6 Print Server Powered by Fiery\u00ae<br \/>\nRezolucija ripanja 1200x1200x10 bita (jedinstveno na tr\u017ei\u0161tu)<br \/>\nMax. dimenzija papir 330&#215;1200 mm<br \/>\nMin. dimenzija papira 182&#215;182 mm<br \/>\nTe\u017eina papira od 52 do 400 gsm<br \/>\nVrste papira Premazni, nepremazni, strukturirani, tamni papiri, naljepnice, sinteti\u010dki,<br \/>\npoliesterski, &#8230;<br \/>\npdl Adobe PDF Print Engine 4<br \/>\nKapacitet papira ulaz 12.500 araka<br \/>\nAuto Duplex Standardno iz ladice do 400 gsm<br \/>\nBoje CMYK+metalik zlatna+metalik srebrna+bijela+prozirna (tzv. Lak)<br \/>\nOstalo<br \/>\nRGB senzori\/kamere za automatsku kontrolu pozicioniranja\/centriranja<br \/>\notiska na papir i kontrolu gusto\u0107e obojenja u tisku-Full Width Array<br \/>\nUgra\u0111eni spektrofotometar za automatsku kalibraciju ure\u0111aja i izradu<br \/>\nizlaznih profila ovisno o vrsti papira-Automatic Color Quality Suite<br \/>\nNova belt fuser jedinica s tri grija\u010da-Belt fuser technology<br \/>\nPobolj\u0161ana registracija dvostranog ispisa-Production Accurate Registration,<br \/>\nUgra\u0111eni modul za hla\u0111enje papira-Inline paper cooling module<br \/>\nJednoprolazni modul za ravnanje papira-Single Pass Decurler<br \/>\nProsje\u010dni mjese\u010dni<br \/>\nvolumen\/maksimalni<br \/>\n475.000 \/2.25 mil<\/p>\n","protected":false},"excerpt":{"rendered":"[embed]https:\/\/www.youtube.com\/watch?v=7PO5k5SBsRw&amp;t=88s[\/embed]\n<p>Xerox\u00ae Iridesse\u2122 Production Press<br \/>\nU prolje\u0107e 2019. godine Xerox je u Europi predstavio najnoviji tehnolo\u0161ki unaprije\u0111en i jedinstven kolorni<br \/>\nure\u0111aj za digitalni tisak \u0161est (6) boja u jednom prolazu.<\/p>\n<p>Xerox\u00ae Iridesse\u2122 Production Press je digitalni tiskarski ure\u0111aj koji osim klasi\u010dnog CMYK tiska ima mogu\u0107nost<br \/>\ntiska jedinstvenim metalik zlatnim i srebrnim tonerom, bijelim te prozirnim tzv. lak tonerom.<br \/>\nTisak ovih specijalnih boja omogu\u0107en je dodatnim tiskarskim jedinicama (5-6th housing).<br \/>\nUre\u0111aj u jednom prolazu tiska CMYK plus dvije dodatne boje po izboru u najve\u010doj brzini od 120 str\/min.<br \/>\nTiskarske jedinice su postavljene tako da omogu\u0107uju<br \/>\ntisak podlo\u017enih (underlays) boja (zlatna, srebrna, bijela)<br \/>\nna koje se zatim tiska klasi\u010dan CMYK. \u0160esta boja je<br \/>\npokrivna (overlay) i uz zlatnu, srebrnu i bijelu mogu\u0107e je<br \/>\notisnuti i prozirni lak (clear dry ink) u vi\u0161e nanosa.<br \/>\nVi\u0161estrukom kombinacijom boja i nanosa mogu\u0107e je<br \/>\ndobiti unikatne efekte podr\u017eanih Pantone metallic i<br \/>\nPantone Premium metallic specijalnih boja koje mo\u017ee<br \/>\nsamo Xerox\u00ae Iridesse\u2122 Production Press.<br \/>\nXerox\u00ae Iridesse\u2122 Production Press revolucionarno stupa u segment tiska zlatnog, srebrnog i bijelog tonera te<br \/>\nomogu\u0107ava tisak luksuznih grafi\u010dkih proizvoda malih serija, jednostavno, cijenovno prihvatljivo i bez ulaganja<br \/>\nu raznu zasebnu opremu za folio tisak. Tisak takvih materijala bio je mogu\u0107 klasi\u010dnim offset tiskom<br \/>\nupotrebom posebnih boja ili upotrebom kli\u0161ea i tehnologije folio tiska \u0161to znatno poskupljuje izradu<br \/>\nproizvoda i \u010dini ju neisplativom za manje naklade.<br \/>\nKoncept Xerox\u00ae Iridesse\u2122 Production Press zasnovan je na pobolj\u0161anju dosada\u0161njih produkcijskih kolornih<br \/>\nure\u0111aja uz primjenu najnovijih tehnologija koje su plod vi\u0161egodi\u0161njih istra\u017eivanja i testiranja. Ure\u0111aj ima<br \/>\npobolj\u0161an sistem transporta i poravnavanja papira (PAR production accurate registration). Potpuna<br \/>\nautomatizacija tiska omogu\u0107ena je kroz FWA (full width array) modul s jedinstvenim Xerox alatom ACQS<br \/>\n(automatic color quality suite) za kontrolu gusto\u0107e obojenja, registraciju, pozicioniranje otiska i izradu profila<br \/>\nza svaki medij.<br \/>\nUre\u0111aj ima najvi\u0161u rezoluciju od 2400&#215;2400 dpi pri ispisu, a uz kombinaciju EFI Fiery RIP procesiranja od<br \/>\n1200x1200x10 bit-a osigurava kvalitetan i profesionalan kolor tisak najzahtjevnijih materijala.<br \/>\nOvako visoka rezulucija omogu\u0107ena je novom Xerox VCSEL (Vertical Cavity Surface Emitting Laser)<br \/>\ntehnologijom koja se koristi laserskim snopom s 32 zrake koji pove\u010dava preciznost i brzinu prijenosa<br \/>\npodataka.<br \/>\nNova silikonsko-teflonska belt fuser jedinica s<br \/>\ntehnologijom ravnomjernog prijenosa<br \/>\ntoplinske energije omogu\u0107ava fiksiranje boje<br \/>\nna sve zahtjevnije vrste medija u rasponu od<br \/>\n52-400 gsm.<br \/>\nOva tehnologija osigurava konzistentnu<br \/>\ntemperaturu fiksiranja tijekom cijele naklade.<br \/>\nOvaj model koristi jedinstveni patentirani HD EA Dry toner pomo\u0107u kojega se mo\u017ee dobiti mat ili sjajni ispis<br \/>\nneovisno o papiru. Najnovija generacija kemijski proizvedenog tonera osigurava trenutno najni\u017eu to\u010dku<br \/>\ntaljenja \u0161to za direktnu posljedicu ima mogu\u0107nost ve\u0107e brzine rada uz minimalnu potro\u0161nju elektri\u010dne<br \/>\nenergije.<br \/>\nXerox kao ekolo\u0161ki osvje\u0161tena tvrtka kemijskom obradom tonera na ovom modelu osigurava identi\u010dni oblik i<br \/>\nveli\u010dinu \u010destice tonera \u0161to pridonosi maksimalnoj iskoristivosti tonera uz minimalan otpad.<br \/>\nSa svojim tehnolo\u0161kim mogu\u0107nostima, odli\u010dnim karakteristikama i raznim doradnim opcijama ovaj ure\u0111aj ima<br \/>\n\u0161iroku primjenu u svakom poslovnom okru\u017eenju gdje ima potreba za brzim, kvalitetnim i jedinstvenim kolor<br \/>\notiskom i izradom personaliziranih i varijabilnih materijala.<\/p>\n","protected":false},"featured_media":468,"template":"","meta":[],"product_cat":[53],"product_tag":[],"_links":{"self":[{"href":"https:\/\/rsb.hr\/nova\/wp-json\/wp\/v2\/product\/421"}],"collection":[{"href":"https:\/\/rsb.hr\/nova\/wp-json\/wp\/v2\/product"}],"about":[{"href":"https:\/\/rsb.hr\/nova\/wp-json\/wp\/v2\/types\/product"}],"wp:featuredmedia":[{"embeddable":true,"href":"https:\/\/rsb.hr\/nova\/wp-json\/wp\/v2\/media\/468"}],"wp:attachment":[{"href":"https:\/\/rsb.hr\/nova\/wp-json\/wp\/v2\/media?parent=421"}],"wp:term":[{"taxonomy":"product_cat","embeddable":true,"href":"https:\/\/rsb.hr\/nova\/wp-json\/wp\/v2\/product_cat?post=421"},{"taxonomy":"product_tag","embeddable":true,"href":"https:\/\/rsb.hr\/nova\/wp-json\/wp\/v2\/product_tag?post=421"}],"curies":[{"name":"wp","href":"https:\/\/api.w.org\/{rel}","templated":true}]}}