{"id":383,"date":"2018-03-20T07:30:32","date_gmt":"2018-03-20T07:30:32","guid":{"rendered":"http:\/\/rsb.hr\/nova\/?post_type=product&#038;p=383"},"modified":"2023-06-15T08:51:23","modified_gmt":"2023-06-15T08:51:23","slug":"versalink-c7120-7125-7130","status":"publish","type":"product","link":"https:\/\/rsb.hr\/nova\/proizvod\/versalink-c7120-7125-7130\/","title":{"rendered":"VersaLink C7120\/7125\/7130"},"content":{"rendered":"<table style=\"undefined;width: 100%\">\n<colgroup>\n<col style=\"width: 30%\" \/>\n<col style=\"width: 100%\" \/> <\/colgroup>\n<tbody>\n<tr>\n<th>Tehnologija ispisa:<\/th>\n<td>color laser<\/td>\n<\/tr>\n<tr>\n<th>Funkcija:<\/th>\n<td>copy\/email\/print\/scan (fax opcija)<\/td>\n<\/tr>\n<tr>\n<th>Format ispisa:<\/th>\n<td>do A3<\/td>\n<\/tr>\n<tr>\n<th>Razlu\u010divost ispisa:<\/th>\n<td>do 1200 x 2400 dpi<\/td>\n<\/tr>\n<tr>\n<th>Brzina ispisa c\/b A4:<\/th>\n<td>20\/25\/30<\/td>\n<\/tr>\n<tr>\n<th>Brzina ispisa u boji A4:<\/th>\n<td>20\/25\/30<\/td>\n<\/tr>\n<tr>\n<th>Brzina ispisa prve stranice c\/b:<\/th>\n<td>6,9\/6,7\/5,4 sekundi<\/td>\n<\/tr>\n<tr>\n<th>Brzina ispisa prve stranice boja:<\/th>\n<td>8,8\/8,8\/7,0 sekundi<\/td>\n<\/tr>\n<tr>\n<th>Obostrani ispis:<\/th>\n<td>standardan\/jednoprolazni skener<\/td>\n<\/tr>\n<tr>\n<th>Ulaz papira:<\/th>\n<td>620 listova standard\/do 4180 listova opcijski<\/td>\n<\/tr>\n<tr>\n<th>Na\u010din spajanja:<\/th>\n<td>Ethernet 10\/100\/1000 Base-T, High-speed USB 3.0, Wi-Fi\u00ae and Wi-Fi Direct\u00ae with optional Wi-Fi Kit, NFC Tap-to-Pair<\/td>\n<\/tr>\n<tr>\n<th>Procesor:<\/th>\n<td>1.05 GHz Dual-core<\/td>\n<\/tr>\n<tr>\n<th>Hard disk:<\/th>\n<td>320 GB HDD<\/td>\n<\/tr>\n<tr>\n<th>Memorija:<\/th>\n<td>4 GB<\/td>\n<\/tr>\n<tr>\n<th>Mjese\u010dni kapacitet ispisa:<\/th>\n<td>do 87.000\/107.00\/129.000<\/td>\n<\/tr>\n<tr>\n<th>Dimenzija osnovne jedinice:<\/th>\n<td>590mm x 671mm x 767 mm<\/td>\n<\/tr>\n<tr>\n<th>Te\u017eina osnovne jedinice:<\/th>\n<td>62,5 kg<\/td>\n<\/tr>\n<tr>\n<th>Dodatne opcije:<\/th>\n<td>Fax\/finisher\/ PS kit, nu\u017ean za rad ure\u0111aja u MAC okru\u017eenju.<\/td>\n<\/tr>\n<\/tbody>\n<\/table>\n","protected":false},"excerpt":{"rendered":"<p><a href=\"https:\/\/rsb.hr\/nova\/wp-content\/uploads\/2018\/03\/Brosura-uredaja.pdf\">Bro\u0161ura ure\u0111aja<\/a><\/p>\n","protected":false},"featured_media":418,"template":"","meta":[],"product_cat":[39,216],"product_tag":[],"_links":{"self":[{"href":"https:\/\/rsb.hr\/nova\/wp-json\/wp\/v2\/product\/383"}],"collection":[{"href":"https:\/\/rsb.hr\/nova\/wp-json\/wp\/v2\/product"}],"about":[{"href":"https:\/\/rsb.hr\/nova\/wp-json\/wp\/v2\/types\/product"}],"wp:featuredmedia":[{"embeddable":true,"href":"https:\/\/rsb.hr\/nova\/wp-json\/wp\/v2\/media\/418"}],"wp:attachment":[{"href":"https:\/\/rsb.hr\/nova\/wp-json\/wp\/v2\/media?parent=383"}],"wp:term":[{"taxonomy":"product_cat","embeddable":true,"href":"https:\/\/rsb.hr\/nova\/wp-json\/wp\/v2\/product_cat?post=383"},{"taxonomy":"product_tag","embeddable":true,"href":"https:\/\/rsb.hr\/nova\/wp-json\/wp\/v2\/product_tag?post=383"}],"curies":[{"name":"wp","href":"https:\/\/api.w.org\/{rel}","templated":true}]}}