{"id":119,"date":"2017-07-21T08:07:06","date_gmt":"2017-07-21T08:07:06","guid":{"rendered":"http:\/\/rsb.hr\/nova\/home\/"},"modified":"2025-04-24T12:41:16","modified_gmt":"2025-04-24T12:41:16","slug":"home","status":"publish","type":"page","link":"https:\/\/rsb.hr\/nova\/","title":{"rendered":"Home"},"content":{"rendered":"<div class=\"section vc_custom_1510127158551\">\n                    <div class=\"section-background\" data-section-bg-title=\"\">\n            <div class=\"section-bg-image section-bg-image-size-100 section-bg-image-size-md-100 section-bg-image-size-lg-100 section-bg-image-position-bottom verso-opacity-10\" style=\"background-image: url('https:\/\/rsb.hr\/nova\/wp-content\/uploads\/2017\/07\/blue-bg.png');\"><\/div>\n        <\/div>\n        <div class=\"section-content\">\n        <div class=\"container\">\n            <div class=\"row\">\n    <div class=\"col-lg-12 verso-text-normal\">\n    [vc_btn title=&#8221;NAJAM PISA\u010cA &#8211; MPS&#8221; color=&#8221;info&#8221; size=&#8221;lg&#8221; align=&#8221;center&#8221; css_animation=&#8221;fadeIn&#8221; button_block=&#8221;true&#8221; link=&#8221;url:https%3A%2F%2Frsb.hr%2Fnova%2Fnajam-pisaca-upravljanje-ispisom-mps%2F|title:NAJAM%20PISA%C4%8CA%20-%20MPS||&#8221;]<\/div>\n<\/div>\n<div class=\"row\">\n    <div class=\"col-lg-12 verso-text-normal\">\n    [rev_slider_vc alias=&#8221;index&#8221;]<\/div>\n<\/div>\n<div class=\"row\">\n    <div class=\"col-lg-12 verso-text-normal\">\n    <div class=\"woocommerce columns-4\"><ul class=\"products columns-4\">\n<li class=\"product-category product first\">\n\t<\/li>\n<li class=\"product-category product\">\n\t<\/li>\n<li class=\"product-category product\">\n\t<\/li>\n<li class=\"product-category product last\">\n\t<\/li>\n<li class=\"product-category product first\">\n\t<\/li>\n<li class=\"product-category product\">\n\t<\/li>\n<\/ul>\n<\/div><\/div>\n<\/div>\n        <\/div>\n    <\/div>\n<\/div>\n<div class=\"section vc_custom_1510128232786\">\n                    <div class=\"section-background\" data-section-bg-title=\"\">\n            <div class=\"section-bg-image section-bg-image-size-100 section-bg-image-size-md-100 section-bg-image-size-lg-100 section-bg-image-position-bottom verso-opacity-10\" style=\"background-image: url('https:\/\/rsb.hr\/nova\/wp-content\/uploads\/2017\/07\/blue-bg-bottom-2.png');\"><\/div>\n        <\/div>\n        <div class=\"section-content\">\n        <div class=\"container\">\n            <div class=\"row align-items-center\">\n    <div class=\"col-lg-7 verso-text-normal verso-order-lg-2\">\n    [vc_single_image image=&#8221;209&#8243; img_size=&#8221;full&#8221; alignment=&#8221;center&#8221; css_animation=&#8221;slideInUp&#8221;]<\/div>\n<div class=\"col-lg-5 text-center verso-text-light\">\n    [vc_custom_heading text=&#8221;Rabljeni ure\u0111aji&#8221; font_container=&#8221;tag:h2|text_align:center&#8221; use_theme_fonts=&#8221;yes&#8221; link=&#8221;url:http%3A%2F%2Fwp-dev.oxygenna.com%2Fverso-commerce-modern%2Fproduct%2Fzapata-speakers%2F|title:Stan%20Bluster|target:%20_blank|rel:nofollow&#8221; css=&#8221;.vc_custom_1510128292995{margin-top: 30px !important;margin-bottom: 30px !important;}&#8221; el_class=&#8221;h1&#8243;][vc_column_text css=&#8221;.vc_custom_1510128326574{margin-bottom: 40px !important;}&#8221;]<\/p>\n<p class=\"lead\">Veliki izbor i povoljne cijene rabljenih pisa\u010da i digitalnih printera<\/p>\n<p>[\/vc_column_text]<a href=\"https:\/\/rsb.hr\/nova\/kategorija-proizvoda\/6\/\" title=\"Pogledaj ponudu\" target=\" _blank\" rel=\"nofollow\" class=\"btn btn-primary  btn-lg verso-shadow-8 verso-shadow-hover-16 \">\n        Pogledaj ponudu     <\/a>\n<\/div>\n<\/div>\n        <\/div>\n    <\/div>\n<\/div>\n<div class=\"section vc_custom_1510129169738\">\n                    <div class=\"section-background\" data-section-bg-title=\"\">\n            <div class=\"section-bg-image section-bg-image-size-100 section-bg-image-size-md-100 section-bg-image-size-lg-100 section-bg-image-position-bottom verso-opacity-10\" style=\"background-image: url('https:\/\/rsb.hr\/nova\/wp-content\/uploads\/2017\/07\/blue-bg-top.png');\"><\/div>\n        <\/div>\n        <div class=\"section-content\">\n        <div class=\"container\">\n            <div class=\"row\">\n    <div class=\"col-lg-12 verso-text-normal\">\n    [vc_custom_heading text=&#8221;Najnoviji proizvodi&#8221; font_container=&#8221;tag:h2|text_align:center&#8221; use_theme_fonts=&#8221;yes&#8221; css_animation=&#8221;fadeIn&#8221; css=&#8221;.vc_custom_1510128824361{margin-bottom: 60px !important;}&#8221;]<div class=\"woocommerce columns-3 \"><ul class=\"products columns-3\">\n<li class=\"product type-product post-613 status-publish first instock product_cat-53 has-post-thumbnail shipping-taxable product-type-simple\">\n\t<div class=\"card verso-global-shadow-normal verso-global-shadow-hover verso-transition verso-mb-3 text-center\"><img class=\"card-img-top verso-pos-absolute verso-opacity-hover-0 verso-transition-slow\" src=\"https:\/\/rsb.hr\/nova\/wp-content\/uploads\/2025\/03\/2025.01.30-PrimeLink-9200.jpg\" alt=\"\"><\/a><div class=\"card-body\"><a href=\"https:\/\/rsb.hr\/nova\/proizvod\/novo-xerox-primelink-c9200-series-printer\/\" class=\"woocommerce-LoopProduct-link woocommerce-loop-product__link\"><\/a><\/div><\/div><\/li>\n<li class=\"product type-product post-645 status-publish instock product_cat-53 has-post-thumbnail shipping-taxable product-type-simple\">\n\t<div class=\"card verso-global-shadow-normal verso-global-shadow-hover verso-transition verso-mb-3 text-center\"><img class=\"card-img-top verso-pos-absolute verso-opacity-hover-0 verso-transition-slow\" src=\"https:\/\/rsb.hr\/nova\/wp-content\/uploads\/2017\/11\/PLC9281_OTHER6_500x500.jpg\" alt=\"\"><\/a><div class=\"card-body\"><a href=\"https:\/\/rsb.hr\/nova\/proizvod\/novo-xeroxproficio-px300-production-press\/\" class=\"woocommerce-LoopProduct-link woocommerce-loop-product__link\"><\/a><\/div><\/div><\/li>\n<li class=\"product type-product post-595 status-publish last instock product_cat-53 product_cat-54 has-post-thumbnail shipping-taxable product-type-simple\">\n\t<div class=\"card verso-global-shadow-normal verso-global-shadow-hover verso-transition verso-mb-3 text-center\"><img class=\"card-img-top verso-pos-absolute verso-opacity-hover-0 verso-transition-slow\" src=\"https:\/\/rsb.hr\/nova\/wp-content\/uploads\/2024\/04\/C60-rabljeni-scaled.jpg\" alt=\"\"><\/a><div class=\"card-body\"><a href=\"https:\/\/rsb.hr\/nova\/proizvod\/xerox-versant-180-cmykzlatna-srebrna-bijela-prozirni-lak-ulazne-ladice-ravnalica-stacker-tray-booklet-finisher-rabljeni\/\" class=\"woocommerce-LoopProduct-link woocommerce-loop-product__link\"><\/a><\/div><\/div><\/li>\n<\/ul>\n<\/div><\/div>\n<\/div>\n        <\/div>\n    <\/div>\n<\/div>\n<div class=\"section vc_custom_1510129229232\">\n                    <div class=\"section-background\" data-section-bg-title=\"\">\n            <div class=\"section-bg-image section-bg-image-size-100 section-bg-image-size-md-100 section-bg-image-size-lg-100 section-bg-image-position-bottom verso-opacity-10\" style=\"background-image: url('https:\/\/rsb.hr\/nova\/wp-content\/uploads\/2017\/07\/blue-bg-BOTTOM.png');\"><\/div>\n        <\/div>\n        <div class=\"section-content\">\n        <div class=\"container\">\n            <div class=\"row align-items-center\">\n    <div class=\"col-lg-5 verso-text-light verso-order-lg-2 text-lg-left\">\n    [vc_custom_heading text=&#8221;Za\u0161to odabrati nas?&#8221; use_theme_fonts=&#8221;yes&#8221; el_class=&#8221;h1&#8243; css=&#8221;.vc_custom_1510129757809{margin-top: 30px !important;margin-bottom: 30px !important;}&#8221;][vc_column_text css=&#8221;.vc_custom_1510129768521{margin-bottom: 30px !important;}&#8221;]<\/p>\n<p class=\"lead\">U vrijeme novih izazova i mogu\u0107nosti, mi smo se usko specijalizirali za implementaciju Xerox ispisnih sustava kako bismo svojim korisnicima predlo\u017eili idealno rje\u0161enje koje \u0107e u potpunosti ispuniti njihova o\u010dekivanja.<\/p>\n<p>[\/vc_column_text]<\/div>\n<div class=\"col-lg-7 verso-text-normal\">\n    <div class=\"card verso-transition  wpb_animate_when_almost_visible wpb_fadeIn fadeIn verso-shadow-15 verso-shadow-hover-20 card-hero  \">\n                <div class=\"card-body\">\n            <div class=\"media  vc_custom_1704034446228\">\n    <img width=\"80\" height=\"80\" src=\"https:\/\/rsb.hr\/nova\/wp-content\/uploads\/2017\/07\/usklicnik.png\" class=\"d-flex verso-mr-2\" alt=\"Kako?\" decoding=\"async\" loading=\"lazy\" \/>    <div class=\"media-body\">\n        <h3 class=\"verso-mt-0 verso-mb-1\">\n            Kako?        <\/h3>\n        <p>\n            U vrijeme novih izazova i mogu\u0107nosti, kao ovla\u0161teni Xerox servisni partner, smo se usko specijalizirali za implementaciju Xerox ispisnih sustava kako bismo svojim korisnicima predlo\u017eili idealno rje\u0161enje koje \u0107e u potpunosti ispuniti njihova o\u010dekivanja.        <\/p>\n    <\/div>\n<\/div>\n<div class=\"media  vc_custom_1510129637152\">\n    <img width=\"80\" height=\"80\" src=\"https:\/\/rsb.hr\/nova\/wp-content\/uploads\/2017\/07\/gdje.png\" class=\"d-flex verso-mr-2\" alt=\"Gdje?\" decoding=\"async\" loading=\"lazy\" \/>    <div class=\"media-body\">\n        <h3 class=\"verso-mt-0 verso-mb-1\">\n            Gdje?        <\/h3>\n        <p>\n            Vlatitim resursima ili kroz mre\u017eu partnerskih tvrtki u mogu\u0107nosti smo pru\u017eiti jednako kvalitetnu podr\u0161ku na cijelom teritoriju Republike Hrvatske        <\/p>\n    <\/div>\n<\/div>\n<div class=\"media  \">\n    <img width=\"80\" height=\"80\" src=\"https:\/\/rsb.hr\/nova\/wp-content\/uploads\/2017\/07\/medalja.png\" class=\"d-flex verso-mr-2\" alt=\"Kvaliteta!\" decoding=\"async\" loading=\"lazy\" \/>    <div class=\"media-body\">\n        <h3 class=\"verso-mt-0 verso-mb-1\">\n            Kvaliteta!        <\/h3>\n        <p>\n            Aktivna suradnja s korisnicima, izvrsnost u rije\u0161avanju i najkompleksnijih problema, fleksibilnost u radu te individualni pristup svakom klijentu jamstvo su kvalitete, pouzdanosti i uspjeha.        <\/p>\n    <\/div>\n<\/div>\n        <\/div>\n    <\/div>\n<\/div>\n<\/div>\n        <\/div>\n    <\/div>\n<\/div>\n<div class=\"section\">\n                    <div class=\"section-background\" data-section-bg-title=\"\">\n            <div class=\"section-bg-image section-bg-image-size-100 section-bg-image-size-md-100 section-bg-image-size-lg-100 section-bg-image-position-bottom verso-opacity-10\" style=\"background-image: url('https:\/\/rsb.hr\/nova\/wp-content\/uploads\/2017\/07\/footer-bg.png');\"><\/div>\n        <\/div>\n        <div class=\"section-content\">\n        <div class=\"container\">\n            <div class=\"row\">\n    <div class=\"col-lg-12 verso-text-normal\">\n    [vc_empty_space height=&#8221;300px&#8221;]<\/div>\n<\/div>\n        <\/div>\n    <\/div>\n<\/div>\n","protected":false},"excerpt":{"rendered":"[vc_btn title=\"NAJAM PISA\u010cA - MPS\" color=\"info\" size=\"lg\" align=\"center\" css_animation=\"fadeIn\" button_block=\"true\" link=\"url:https%3A%2F%2Frsb.hr%2Fnova%2Fnajam-pisaca-upravljanje-ispisom-mps%2F|title:NAJAM%20PISA%C4%8CA%20-%20MPS||\"] [rev_slider_vc alias=\"index\"] [vc_single_image image=\"209\" img_size=\"full\" alignment=\"center\" css_animation=\"slideInUp\"] [vc_custom_heading text=\"Rabljeni ure\u0111aji\" font_container=\"tag:h2|text_align:center\" use_theme_fonts=\"yes\" link=\"url:http%3A%2F%2Fwp-dev.oxygenna.com%2Fverso-commerce-modern%2Fproduct%2Fzapata-speakers%2F|title:Stan%20Bluster|target:%20_blank|rel:nofollow\" css=\".vc_custom_1510128292995{margin-top: 30px !important;margin-bottom: 30px !important;}\" el_class=\"h1\"][vc_column_text [...]","protected":false},"author":1,"featured_media":0,"parent":0,"menu_order":0,"comment_status":"closed","ping_status":"closed","template":"","meta":[],"_links":{"self":[{"href":"https:\/\/rsb.hr\/nova\/wp-json\/wp\/v2\/pages\/119"}],"collection":[{"href":"https:\/\/rsb.hr\/nova\/wp-json\/wp\/v2\/pages"}],"about":[{"href":"https:\/\/rsb.hr\/nova\/wp-json\/wp\/v2\/types\/page"}],"author":[{"embeddable":true,"href":"https:\/\/rsb.hr\/nova\/wp-json\/wp\/v2\/users\/1"}],"replies":[{"embeddable":true,"href":"https:\/\/rsb.hr\/nova\/wp-json\/wp\/v2\/comments?post=119"}],"version-history":[{"count":43,"href":"https:\/\/rsb.hr\/nova\/wp-json\/wp\/v2\/pages\/119\/revisions"}],"predecessor-version":[{"id":621,"href":"https:\/\/rsb.hr\/nova\/wp-json\/wp\/v2\/pages\/119\/revisions\/621"}],"wp:attachment":[{"href":"https:\/\/rsb.hr\/nova\/wp-json\/wp\/v2\/media?parent=119"}],"curies":[{"name":"wp","href":"https:\/\/api.w.org\/{rel}","templated":true}]}}